{"id":28843,"date":"2023-08-22T23:13:14","date_gmt":"2023-08-22T21:13:14","guid":{"rendered":"http:\/\/sy-tech.ch\/?page_id=28843"},"modified":"2023-10-06T22:23:38","modified_gmt":"2023-10-06T20:23:38","slug":"home","status":"publish","type":"page","link":"https:\/\/sy-tech.ch\/de\/","title":{"rendered":"Home"},"content":{"rendered":"<p>[et_pb_section fb_built=\u00a0\u00bb1&Prime; admin_label=\u00a0\u00bbHeader\u00a0\u00bb _builder_version=\u00a0\u00bb4.22.1&Prime; background_image=\u00a0\u00bbhttps:\/\/sy-tech.ch\/wp-content\/uploads\/2023\/09\/Artboard-1-1.png\u00a0\u00bb custom_margin=\u00a0\u00bb||||false\u00a0\u00bb custom_padding=\u00a0\u00bb11vw||11vw||true|false\u00a0\u00bb scroll_fade=\u00a0\u00bb0|50|50|100|27%|100|28%\u00a0\u00bb sticky_position_last_edited=\u00a0\u00bboff|desktop\u00a0\u00bb global_colors_info=\u00a0\u00bb{}\u00a0\u00bb][et_pb_row custom_padding_last_edited=\u00a0\u00bbon|tablet\u00a0\u00bb _builder_version=\u00a0\u00bb4.16&Prime; max_width=\u00a0\u00bb80%\u00a0\u00bb custom_padding=\u00a0\u00bb0px|0px|0|0px|false|false\u00a0\u00bb custom_padding_tablet=\u00a0\u00bb40px||40px||true\u00a0\u00bb custom_padding_phone=\u00a0\u00bb\u00a0\u00bb use_custom_width=\u00a0\u00bbon\u00a0\u00bb width_unit=\u00a0\u00bboff\u00a0\u00bb global_colors_info=\u00a0\u00bb{}\u00a0\u00bb][et_pb_column type=\u00a0\u00bb4_4&Prime; _builder_version=\u00a0\u00bb4.16&Prime; custom_padding=\u00a0\u00bb|||\u00a0\u00bb global_colors_info=\u00a0\u00bb{}\u00a0\u00bb custom_padding__hover=\u00a0\u00bb|||\u00a0\u00bb][et_pb_text _builder_version=\u00a0\u00bb4.22.1&Prime; text_font=\u00a0\u00bb||||||||\u00a0\u00bb header_font=\u00a0\u00bbPoppins|600|||||||\u00a0\u00bb header_text_color=\u00a0\u00bb#000000&Prime; header_font_size=\u00a0\u00bb3.5vw\u00a0\u00bb header_line_height=\u00a0\u00bb1.5em\u00a0\u00bb text_orientation=\u00a0\u00bbcenter\u00a0\u00bb background_layout=\u00a0\u00bbdark\u00a0\u00bb max_width=\u00a0\u00bb55%\u00a0\u00bb max_width_tablet=\u00a0\u00bb\u00a0\u00bb max_width_phone=\u00a0\u00bb\u00a0\u00bb max_width_last_edited=\u00a0\u00bbon|desktop\u00a0\u00bb module_alignment=\u00a0\u00bbcenter\u00a0\u00bb custom_margin=\u00a0\u00bb||20px\u00a0\u00bb animation_style=\u00a0\u00bbfade\u00a0\u00bb header_font_size_tablet=\u00a0\u00bb38px\u00a0\u00bb header_font_size_phone=\u00a0\u00bb28px\u00a0\u00bb header_font_size_last_edited=\u00a0\u00bbon|phone\u00a0\u00bb header_text_shadow_style=\u00a0\u00bbpreset3&Prime; header_text_shadow_vertical_length=\u00a0\u00bb0.3em\u00a0\u00bb header_text_shadow_blur_strength=\u00a0\u00bb1.4em\u00a0\u00bb header_text_shadow_color=\u00a0\u00bbrgba(0,0,0,0.24)\u00a0\u00bb global_colors_info=\u00a0\u00bb{}\u00a0\u00bb header_3_font_size__hover=\u00a0\u00bb22px\u00a0\u00bb header_3_font_size__hover_enabled=\u00a0\u00bb22px\u00a0\u00bb header_3_letter_spacing__hover=\u00a0\u00bb0px\u00a0\u00bb header_3_letter_spacing__hover_enabled=\u00a0\u00bb0px\u00a0\u00bb header_3_line_height__hover=\u00a0\u00bb1em\u00a0\u00bb header_3_line_height__hover_enabled=\u00a0\u00bb1em\u00a0\u00bb header_3_text_shadow_style__hover=\u00a0\u00bbnone\u00a0\u00bb header_3_text_shadow_style__hover_enabled=\u00a0\u00bbnone\u00a0\u00bb header_3_text_shadow_color__hover=\u00a0\u00bbrgba(0,0,0,0.4)\u00a0\u00bb header_3_text_shadow_color__hover_enabled=\u00a0\u00bbrgba(0,0,0,0.4)\u00a0\u00bb]<\/p>\n<h1><span>Effektive IT L\u00f6sungen und Unterst\u00fctzung<\/span><\/h1>\n<p>[\/et_pb_text][et_pb_text _builder_version=\u00a0\u00bb4.16&Prime; text_font=\u00a0\u00bb||||||||\u00a0\u00bb text_text_color=\u00a0\u00bb#000000&Prime; text_font_size=\u00a0\u00bb16px\u00a0\u00bb text_line_height=\u00a0\u00bb2em\u00a0\u00bb text_orientation=\u00a0\u00bbcenter\u00a0\u00bb background_layout=\u00a0\u00bbdark\u00a0\u00bb max_width=\u00a0\u00bb50%\u00a0\u00bb max_width_tablet=\u00a0\u00bb\u00a0\u00bb max_width_phone=\u00a0\u00bb\u00a0\u00bb max_width_last_edited=\u00a0\u00bbon|tablet\u00a0\u00bb module_alignment=\u00a0\u00bbcenter\u00a0\u00bb custom_margin=\u00a0\u00bb||60px\u00a0\u00bb custom_margin_tablet=\u00a0\u00bb||30px\u00a0\u00bb custom_margin_phone=\u00a0\u00bb\u00a0\u00bb custom_margin_last_edited=\u00a0\u00bbon|desktop\u00a0\u00bb text_font_size_tablet=\u00a0\u00bb\u00a0\u00bb text_font_size_phone=\u00a0\u00bb14px\u00a0\u00bb text_font_size_last_edited=\u00a0\u00bbon|phone\u00a0\u00bb global_colors_info=\u00a0\u00bb{}\u00a0\u00bb]<\/p>\n<p><span>Willkommen bei Sy-Tech GmbH. Ihr zuverl\u00e4ssiger Partner f\u00fcr IT-Support &amp; IT-L\u00f6sungen.<\/span><\/p>\n<p>[\/et_pb_text][et_pb_button button_url=\u00a0\u00bb@ET-DC@eyJkeW5hbWljIjp0cnVlLCJjb250ZW50IjoicG9zdF9saW5rX3VybF9wYWdlIiwic2V0dGluZ3MiOnsicG9zdF9pZCI6IjI5MDE5In19@\u00a0\u00bb button_text=\u00a0\u00bbFixer un Rendez-vous\u00a0\u00bb _builder_version=\u00a0\u00bb4.22.1&Prime; _dynamic_attributes=\u00a0\u00bbbutton_url\u00a0\u00bb _module_preset=\u00a0\u00bbdefault\u00a0\u00bb button_letter_spacing_hover=\u00a0\u00bb5.5px\u00a0\u00bb global_module=\u00a0\u00bb29113&Prime; saved_tabs=\u00a0\u00bball\u00a0\u00bb locked=\u00a0\u00bboff\u00a0\u00bb global_colors_info=\u00a0\u00bb{}\u00a0\u00bb button_one_text_size__hover_enabled=\u00a0\u00bboff\u00a0\u00bb button_two_text_size__hover_enabled=\u00a0\u00bboff\u00a0\u00bb button_one_text_color__hover_enabled=\u00a0\u00bboff\u00a0\u00bb button_two_text_color__hover_enabled=\u00a0\u00bboff\u00a0\u00bb button_one_border_width__hover_enabled=\u00a0\u00bboff\u00a0\u00bb button_two_border_width__hover_enabled=\u00a0\u00bboff\u00a0\u00bb button_one_border_color__hover_enabled=\u00a0\u00bboff\u00a0\u00bb button_two_border_color__hover_enabled=\u00a0\u00bboff\u00a0\u00bb button_one_border_radius__hover_enabled=\u00a0\u00bboff\u00a0\u00bb button_two_border_radius__hover_enabled=\u00a0\u00bboff\u00a0\u00bb button_one_letter_spacing__hover_enabled=\u00a0\u00bboff\u00a0\u00bb button_two_letter_spacing__hover_enabled=\u00a0\u00bboff\u00a0\u00bb button_one_bg_color__hover_enabled=\u00a0\u00bboff\u00a0\u00bb button_two_bg_color__hover_enabled=\u00a0\u00bboff\u00a0\u00bb button_text__hover_enabled=\u00a0\u00bboff|desktop\u00a0\u00bb][\/et_pb_button][\/et_pb_column][\/et_pb_row][\/et_pb_section][et_pb_section fb_built=\u00a0\u00bb1&Prime; admin_label=\u00a0\u00bbFeatures\u00a0\u00bb _builder_version=\u00a0\u00bb4.16&Prime; global_colors_info=\u00a0\u00bb{}\u00a0\u00bb][et_pb_row _builder_version=\u00a0\u00bb4.16&Prime; locked=\u00a0\u00bboff\u00a0\u00bb global_colors_info=\u00a0\u00bb{}\u00a0\u00bb][et_pb_column type=\u00a0\u00bb4_4&Prime; _builder_version=\u00a0\u00bb4.16&Prime; custom_padding=\u00a0\u00bb|||\u00a0\u00bb global_colors_info=\u00a0\u00bb{}\u00a0\u00bb custom_padding__hover=\u00a0\u00bb|||\u00a0\u00bb][et_pb_text _builder_version=\u00a0\u00bb4.22.2&Prime; text_font=\u00a0\u00bb||||||||\u00a0\u00bb text_line_height=\u00a0\u00bb2em\u00a0\u00bb header_text_color=\u00a0\u00bb#D9235F\u00a0\u00bb header_2_font=\u00a0\u00bbPoppins|600|||||||\u00a0\u00bb header_2_font_size=\u00a0\u00bb40px\u00a0\u00bb header_2_line_height=\u00a0\u00bb1.4em\u00a0\u00bb header_3_font=\u00a0\u00bbPoppins|600||on|||||\u00a0\u00bb header_3_text_color=\u00a0\u00bb#D9235F\u00a0\u00bb header_3_font_size=\u00a0\u00bb13px\u00a0\u00bb header_3_letter_spacing=\u00a0\u00bb2px\u00a0\u00bb header_3_line_height=\u00a0\u00bb1.8em\u00a0\u00bb text_orientation=\u00a0\u00bbcenter\u00a0\u00bb max_width=\u00a0\u00bb700px\u00a0\u00bb module_alignment=\u00a0\u00bbcenter\u00a0\u00bb header_2_font_size_tablet=\u00a0\u00bb26px\u00a0\u00bb header_2_font_size_phone=\u00a0\u00bb20px\u00a0\u00bb header_2_font_size_last_edited=\u00a0\u00bbon|phone\u00a0\u00bb locked=\u00a0\u00bboff\u00a0\u00bb global_colors_info=\u00a0\u00bb{}\u00a0\u00bb]<\/p>\n<h3>Unsere Services<\/h3>\n<p>&nbsp;<\/p>\n<p>Bei Sy-Tech GmbH erm\u00f6glichen uns unsere Kompetenzen und unser spezifisches Fachwissen, Ihnen eine Palette hochwertiger IT-Dienstleistungen anzubieten, die auf den Support und die Installation Ihrer Produkte bei Ihren Kunden spezialisiert sind.<\/p>\n<p>Aufbauend auf unserer Reaktionsf\u00e4higkeit, unserem au\u00dfergew\u00f6hnlichen Kundenservice und unserem Engagement f\u00fcr die Zufriedenheit unserer Kunden bieten wir vier Arten von Dienstleistungen an, die l\u00f6sungsorientiert sind:<\/p>\n<p>[\/et_pb_text][\/et_pb_column][\/et_pb_row][\/et_pb_section][et_pb_section fb_built=\u00a0\u00bb1&Prime; _builder_version=\u00a0\u00bb4.22.2&Prime; _module_preset=\u00a0\u00bbdefault\u00a0\u00bb global_colors_info=\u00a0\u00bb{}\u00a0\u00bb][et_pb_row column_structure=\u00a0\u00bb1_4,1_4,1_4,1_4&Prime; _builder_version=\u00a0\u00bb4.22.2&Prime; _module_preset=\u00a0\u00bbdefault\u00a0\u00bb global_colors_info=\u00a0\u00bb{}\u00a0\u00bb][et_pb_column type=\u00a0\u00bb1_4&Prime; _builder_version=\u00a0\u00bb4.22.2&Prime; _module_preset=\u00a0\u00bbdefault\u00a0\u00bb global_colors_info=\u00a0\u00bb{}\u00a0\u00bb][et_pb_icon font_icon=\u00a0\u00bb&#xf6ff;||fa||900&Prime; icon_color=\u00a0\u00bb#D9235F\u00a0\u00bb icon_width=\u00a0\u00bb59px\u00a0\u00bb _builder_version=\u00a0\u00bb4.22.2&Prime; _module_preset=\u00a0\u00bbdefault\u00a0\u00bb global_colors_info=\u00a0\u00bb{}\u00a0\u00bb][\/et_pb_icon][et_pb_text module_class=\u00a0\u00bbpa-toggle-text\u00a0\u00bb _builder_version=\u00a0\u00bb4.22.2&Prime; _module_preset=\u00a0\u00bb014cc433-710b-4e1a-88a9-77d889b7c7a4&Prime; header_font=\u00a0\u00bb||||||||\u00a0\u00bb header_3_font=\u00a0\u00bbRed Hat Display||||||||\u00a0\u00bb header_3_text_align=\u00a0\u00bbcenter\u00a0\u00bb header_3_text_color=\u00a0\u00bb#000000&Prime; header_4_font=\u00a0\u00bb|600|||||||\u00a0\u00bb header_4_text_align=\u00a0\u00bbcenter\u00a0\u00bb header_4_font_size=\u00a0\u00bb15px\u00a0\u00bb positioning=\u00a0\u00bbrelative\u00a0\u00bb vertical_offset=\u00a0\u00bb3px\u00a0\u00bb text_orientation=\u00a0\u00bbcenter\u00a0\u00bb locked=\u00a0\u00bboff\u00a0\u00bb global_colors_info=\u00a0\u00bb{}\u00a0\u00bb]<\/p>\n<h3>Dienstleistungen f\u00fcr IT-Installationen<strong><span style=\"text-decoration: underline;\"><\/span><\/strong><\/h3>\n<h4><\/h4>\n<p>&nbsp;<\/p>\n<h4><strong><span style=\"text-decoration: underline;\">Hardware Installationen<\/span><\/strong><strong><span style=\"text-decoration: underline;\"><\/span><\/strong><\/h4>\n<table border=\"1\" style=\"height: 144px; width: 100%; border-collapse: collapse; border-style: none; margin-left: auto; margin-right: auto;\">\n<tbody>\n<tr style=\"height: 48px;\">\n<td style=\"width: 100%; height: 48px; text-align: center;\">Installation von Servern, Desktops, Laptops und Peripherieger\u00e4ten<\/td>\n<\/tr>\n<tr>\n<td style=\"width: 100%; text-align: center;\">Erste Konfiguration der Hardware f\u00fcr eine optimale Nutzung<\/td>\n<\/tr>\n<tr style=\"height: 48px;\">\n<td style=\"width: 100%; height: 48px; text-align: center;\">Verwaltung der Verkabelungen und der Netzwerkinfrastruktur<\/td>\n<\/tr>\n<\/tbody>\n<\/table>\n<h4 class=\"p1\"><span style=\"text-decoration: underline;\"><\/span><\/h4>\n<h4 class=\"p1\"><span style=\"text-decoration: underline;\">Software Installationen<\/span><\/h4>\n<table border=\"1\" style=\"border-collapse: collapse; width: 100%;\">\n<tbody>\n<tr>\n<td style=\"width: 100%; text-align: center;\">Installation von Betriebssystemen (Windows, macOS, Linux)<\/td>\n<\/tr>\n<tr>\n<td style=\"width: 100%; text-align: center;\">Installation und Konfiguration von Unternehmenssoftware<\/td>\n<\/tr>\n<tr>\n<td style=\"width: 100%; text-align: center;\">Aktualisierung und Wartung von Software<\/td>\n<\/tr>\n<\/tbody>\n<\/table>\n<h4 class=\"p1\"><span style=\"text-decoration: underline;\"><\/span><\/h4>\n<p><strong><span style=\"text-decoration: underline;\">Installation von Netzwerken<\/span><\/strong><\/p>\n<table border=\"1\" style=\"border-collapse: collapse; width: 100%;\">\n<tbody>\n<tr>\n<td style=\"width: 100%; text-align: center;\">Einrichten von lokalen Netzwerken (LAN) und Weitverkehrsnetzwerken (WAN)<\/td>\n<\/tr>\n<tr>\n<td style=\"width: 100%; text-align: center;\">Einrichten von L\u00f6sungen f\u00fcr drahtlose Netzwerke (Wi-Fi)<\/td>\n<\/tr>\n<tr>\n<td style=\"width: 100%; text-align: center;\">Sicherung von Netzwerken zum Schutz sensibler Daten<\/td>\n<\/tr>\n<\/tbody>\n<\/table>\n<p class=\"p1\">[\/et_pb_text][\/et_pb_column][et_pb_column type=\u00a0\u00bb1_4&Prime; _builder_version=\u00a0\u00bb4.22.2&Prime; _module_preset=\u00a0\u00bbdefault\u00a0\u00bb global_colors_info=\u00a0\u00bb{}\u00a0\u00bb][et_pb_icon font_icon=\u00a0\u00bb&#xe035;||divi||400&Prime; icon_color=\u00a0\u00bb#D9235F\u00a0\u00bb icon_width=\u00a0\u00bb59px\u00a0\u00bb _builder_version=\u00a0\u00bb4.22.2&Prime; _module_preset=\u00a0\u00bbdefault\u00a0\u00bb global_colors_info=\u00a0\u00bb{}\u00a0\u00bb][\/et_pb_icon][et_pb_text module_class=\u00a0\u00bbpa-toggle-text\u00a0\u00bb _builder_version=\u00a0\u00bb4.22.2&Prime; _module_preset=\u00a0\u00bb014cc433-710b-4e1a-88a9-77d889b7c7a4&Prime; header_font=\u00a0\u00bb||||||||\u00a0\u00bb header_3_font=\u00a0\u00bbRed Hat Display||||||||\u00a0\u00bb header_3_text_align=\u00a0\u00bbcenter\u00a0\u00bb header_3_text_color=\u00a0\u00bb#000000&Prime; header_4_font=\u00a0\u00bb|600|||||||\u00a0\u00bb header_4_text_align=\u00a0\u00bbcenter\u00a0\u00bb header_4_font_size=\u00a0\u00bb15px\u00a0\u00bb text_orientation=\u00a0\u00bbcenter\u00a0\u00bb locked=\u00a0\u00bboff\u00a0\u00bb global_colors_info=\u00a0\u00bb{}\u00a0\u00bb]<\/p>\n<h3>Dienstleistungen f\u00fcr IT-Support<\/h3>\n<h4><\/h4>\n<p>&nbsp;<\/p>\n<h4><span style=\"text-decoration: underline;\"><strong>Pr\u00e4ventive Wartung<\/strong><\/span><span style=\"text-decoration: underline;\"><\/span><span style=\"text-decoration: underline;\"><\/span><\/h4>\n<table border=\"1\" style=\"border-collapse: collapse; width: 100%;\">\n<tbody>\n<tr>\n<td style=\"width: 100%; text-align: center;\">Regelm\u00e4\u00dfige Kontrollen, um potenzielle Probleme zu erkennen und zu l\u00f6sen<\/td>\n<\/tr>\n<tr>\n<td style=\"width: 100%; text-align: center;\">Sicherheitsupdates und Software-Patches<\/td>\n<\/tr>\n<\/tbody>\n<\/table>\n<h4 class=\"p1\"><span style=\"text-decoration: underline;\"><\/span><\/h4>\n<h4 class=\"p1\"><span style=\"text-decoration: underline;\">Technische Unterst\u00fctzung<\/span><\/h4>\n<table border=\"1\" style=\"border-collapse: collapse; width: 100%; height: 120px;\">\n<tbody>\n<tr style=\"height: 48px;\">\n<td style=\"width: 100%; text-align: center; height: 48px;\">Telefon- und Online-Support f\u00fcr die Nutzer<\/td>\n<\/tr>\n<tr style=\"height: 24px;\">\n<td style=\"width: 100%; text-align: center; height: 24px;\">Schnelle L\u00f6sung technischer Probleme<\/td>\n<\/tr>\n<tr style=\"height: 48px;\">\n<td style=\"width: 100%; text-align: center; height: 48px;\">Zugang zu einer Online-Wissensdatenbank f\u00fcr Kunden<\/td>\n<\/tr>\n<\/tbody>\n<\/table>\n<h4 class=\"p1\"><span style=\"text-decoration: underline;\"><\/span><\/h4>\n<h4 class=\"p1\"><span style=\"text-decoration: underline;\">Problem Management<\/span><\/h4>\n<table border=\"1\" style=\"border-collapse: collapse; width: 100%;\">\n<tbody>\n<tr>\n<td style=\"width: 100%; text-align: center;\">Analyse und L\u00f6sung komplexer Probleme<\/td>\n<\/tr>\n<tr>\n<td style=\"width: 100%; text-align: center;\">Nachverfolgung von Support-Tickets, um eine effektive L\u00f6sung zu gew\u00e4hrleisten<\/td>\n<\/tr>\n<\/tbody>\n<\/table>\n<p class=\"p1\">[\/et_pb_text][\/et_pb_column][et_pb_column type=\u00a0\u00bb1_4&Prime; _builder_version=\u00a0\u00bb4.22.2&Prime; _module_preset=\u00a0\u00bbdefault\u00a0\u00bb global_colors_info=\u00a0\u00bb{}\u00a0\u00bb][et_pb_icon font_icon=\u00a0\u00bb&#xe06c;||divi||400&Prime; icon_color=\u00a0\u00bb#D9235F\u00a0\u00bb icon_width=\u00a0\u00bb59px\u00a0\u00bb admin_label=\u00a0\u00bbIcon\u00a0\u00bb _builder_version=\u00a0\u00bb4.22.2&Prime; _module_preset=\u00a0\u00bbdefault\u00a0\u00bb global_colors_info=\u00a0\u00bb{}\u00a0\u00bb][\/et_pb_icon][et_pb_text admin_label=\u00a0\u00bbText\u00a0\u00bb module_class=\u00a0\u00bbpa-toggle-text\u00a0\u00bb _builder_version=\u00a0\u00bb4.22.2&Prime; _module_preset=\u00a0\u00bb014cc433-710b-4e1a-88a9-77d889b7c7a4&Prime; header_font=\u00a0\u00bb||||||||\u00a0\u00bb header_3_font=\u00a0\u00bbRed Hat Display||||||||\u00a0\u00bb header_3_text_align=\u00a0\u00bbcenter\u00a0\u00bb header_3_text_color=\u00a0\u00bb#000000&Prime; header_4_font=\u00a0\u00bb|600|||||||\u00a0\u00bb header_4_text_align=\u00a0\u00bbcenter\u00a0\u00bb header_4_font_size=\u00a0\u00bb15px\u00a0\u00bb text_orientation=\u00a0\u00bbcenter\u00a0\u00bb locked=\u00a0\u00bboff\u00a0\u00bb global_colors_info=\u00a0\u00bb{}\u00a0\u00bb]<\/p>\n<h3>Dienstleistungen f\u00fcr Computersicherheit<\/h3>\n<h4><span style=\"text-decoration: underline;\"><\/span><\/h4>\n<p><span style=\"text-decoration: underline;\"><\/span><\/p>\n<p>&nbsp;<\/p>\n<h4><strong><span style=\"text-decoration: underline;\">Datensicherheit<\/span><\/strong><strong><span style=\"text-decoration: underline;\"><\/span><\/strong><\/h4>\n<table border=\"1\" style=\"border-collapse: collapse; width: 100%;\">\n<tbody>\n<tr>\n<td style=\"width: 100%; text-align: center;\">Einrichten von gesicherten und automatisierten Backups<\/td>\n<\/tr>\n<tr>\n<td style=\"width: 100%; text-align: center;\">Schutzmassnahmen gegen Viren, Malware und Cyberangriffen<\/td>\n<\/tr>\n<\/tbody>\n<\/table>\n<h4 class=\"p1\"><span style=\"text-decoration: underline;\">Sicherheitspr\u00fcfung<\/span><\/h4>\n<table border=\"1\" style=\"border-collapse: collapse; width: 100%;\">\n<tbody>\n<tr>\n<td style=\"width: 100%; text-align: center;\">Bewertung der aktuellen IT-Sicherheit des Unternehmens<\/td>\n<\/tr>\n<tr>\n<td style=\"width: 100%; text-align: center;\">Empfehlungen zur Erh\u00f6hung der Sicherheit<\/td>\n<\/tr>\n<\/tbody>\n<\/table>\n<h4 class=\"p1\"><span style=\"text-decoration: underline;\"><\/span><\/h4>\n<h4 class=\"p1\"><span style=\"text-decoration: underline;\">Sicherheitstraining<\/span><\/h4>\n<table border=\"1\" style=\"border-collapse: collapse; width: 100%;\">\n<tbody>\n<tr>\n<td style=\"width: 100%; text-align: center;\">Sensibilisierung der Mitarbeiter f\u00fcr Computersicherheit<\/td>\n<\/tr>\n<tr>\n<td style=\"width: 100%; text-align: center;\">Schulung zu bew\u00e4hrten Sicherheitspraktiken<\/td>\n<\/tr>\n<\/tbody>\n<\/table>\n<p>[\/et_pb_text][\/et_pb_column][et_pb_column type=\u00a0\u00bb1_4&Prime; _builder_version=\u00a0\u00bb4.22.2&Prime; _module_preset=\u00a0\u00bbdefault\u00a0\u00bb global_colors_info=\u00a0\u00bb{}\u00a0\u00bb][et_pb_icon font_icon=\u00a0\u00bb&#xf505;||fa||900&Prime; icon_color=\u00a0\u00bb#D9235F\u00a0\u00bb icon_width=\u00a0\u00bb59px\u00a0\u00bb _builder_version=\u00a0\u00bb4.22.2&Prime; _module_preset=\u00a0\u00bbdefault\u00a0\u00bb global_colors_info=\u00a0\u00bb{}\u00a0\u00bb][\/et_pb_icon][et_pb_text admin_label=\u00a0\u00bbText\u00a0\u00bb module_class=\u00a0\u00bbpa-toggle-text\u00a0\u00bb _builder_version=\u00a0\u00bb4.22.2&Prime; _module_preset=\u00a0\u00bb014cc433-710b-4e1a-88a9-77d889b7c7a4&Prime; header_font=\u00a0\u00bb||||||||\u00a0\u00bb header_3_font=\u00a0\u00bbRed Hat Display||||||||\u00a0\u00bb header_3_text_align=\u00a0\u00bbcenter\u00a0\u00bb header_3_text_color=\u00a0\u00bb#000000&Prime; header_4_font=\u00a0\u00bb|600|||||||\u00a0\u00bb header_4_text_align=\u00a0\u00bbcenter\u00a0\u00bb header_4_font_size=\u00a0\u00bb15px\u00a0\u00bb positioning=\u00a0\u00bbrelative\u00a0\u00bb vertical_offset=\u00a0\u00bb3px\u00a0\u00bb text_orientation=\u00a0\u00bbcenter\u00a0\u00bb hover_enabled=\u00a0\u00bb0&Prime; locked=\u00a0\u00bboff\u00a0\u00bb global_colors_info=\u00a0\u00bb{}\u00a0\u00bb sticky_enabled=\u00a0\u00bb0&Prime;]<\/p>\n<h3>Dienstleistungen f\u00fcr Beratungen\u00a0<\/h3>\n<h4><span style=\"text-decoration: underline;\"><\/span><\/h4>\n<p><span style=\"text-decoration: underline;\"><\/span><\/p>\n<p>&nbsp;<\/p>\n<h4><strong><span style=\"text-decoration: underline;\">IT-Planung<\/span><\/strong><\/h4>\n<table border=\"1\" style=\"border-collapse: collapse; width: 100%;\">\n<tbody>\n<tr>\n<td style=\"width: 100%; text-align: center;\">\n<p class=\"p1\">Hilfe bei der Planung der IT-Infrastruktur<\/p>\n<\/td>\n<\/tr>\n<tr>\n<td style=\"width: 100%; text-align: center;\">\n<p class=\"p1\">Empfehlungen f\u00fcr den Kauf von Hardware und Software<\/p>\n<\/td>\n<\/tr>\n<\/tbody>\n<\/table>\n<h4 class=\"p1\"><span style=\"text-decoration: underline;\">Optimierung von Systemen<\/span><\/h4>\n<table border=\"1\" style=\"border-collapse: collapse; width: 100%;\">\n<tbody>\n<tr>\n<td style=\"width: 100%; text-align: center;\">\n<p class=\"p1\">Analyse von Gesch\u00e4ftsprozessen zur Ermittlung von IT-Verbesserungen<\/p>\n<\/td>\n<\/tr>\n<tr>\n<td style=\"width: 100%; text-align: center;\">\n<p class=\"p1\">Empfehlungen f\u00fcr die Systemoptimierung<\/p>\n<\/td>\n<\/tr>\n<\/tbody>\n<\/table>\n<h4 class=\"p1\"><span style=\"text-decoration: underline;\"><\/span><\/h4>\n<h4 class=\"p1\"><span style=\"text-decoration: underline;\">Wachstumsstrategie<\/span><\/h4>\n<table border=\"1\" style=\"border-collapse: collapse; width: 100%; height: 96px;\">\n<tbody>\n<tr style=\"height: 48px;\">\n<td style=\"width: 100%; text-align: center; height: 48px;\">\n<p class=\"p1\">Beratung bei der Erweiterung und Skalierung der IT-Infrastruktur, wenn das Unternehmen w\u00e4chst<\/p>\n<\/td>\n<\/tr>\n<\/tbody>\n<\/table>\n<p>[\/et_pb_text][\/et_pb_column][\/et_pb_row][\/et_pb_section][et_pb_section fb_built=\u00a0\u00bb1&Prime; _builder_version=\u00a0\u00bb4.22.1&Prime; _module_preset=\u00a0\u00bbdefault\u00a0\u00bb custom_margin=\u00a0\u00bb-27px||||false|false\u00a0\u00bb custom_padding=\u00a0\u00bb0px||40px||false|false\u00a0\u00bb global_colors_info=\u00a0\u00bb{}\u00a0\u00bb][et_pb_row _builder_version=\u00a0\u00bb4.22.1&Prime; _module_preset=\u00a0\u00bbdefault\u00a0\u00bb global_colors_info=\u00a0\u00bb{}\u00a0\u00bb][et_pb_column type=\u00a0\u00bb4_4&Prime; _builder_version=\u00a0\u00bb4.22.1&Prime; _module_preset=\u00a0\u00bbdefault\u00a0\u00bb global_colors_info=\u00a0\u00bb{}\u00a0\u00bb][et_pb_button button_url=\u00a0\u00bb@ET-DC@eyJkeW5hbWljIjp0cnVlLCJjb250ZW50IjoicG9zdF9saW5rX3VybF9wYWdlIiwic2V0dGluZ3MiOnsicG9zdF9pZCI6IjI5MDI1In19@\u00a0\u00bb button_text=\u00a0\u00bb\u00c0 propos nous\u00a0\u00bb _builder_version=\u00a0\u00bb4.22.1&Prime; _dynamic_attributes=\u00a0\u00bbbutton_url\u00a0\u00bb _module_preset=\u00a0\u00bbdefault\u00a0\u00bb button_letter_spacing_hover=\u00a0\u00bb5.5px\u00a0\u00bb global_module=\u00a0\u00bb29113&Prime; saved_tabs=\u00a0\u00bball\u00a0\u00bb locked=\u00a0\u00bboff\u00a0\u00bb global_colors_info=\u00a0\u00bb{}\u00a0\u00bb button_one_text_size__hover_enabled=\u00a0\u00bboff\u00a0\u00bb button_two_text_size__hover_enabled=\u00a0\u00bboff\u00a0\u00bb button_one_text_color__hover_enabled=\u00a0\u00bboff\u00a0\u00bb button_two_text_color__hover_enabled=\u00a0\u00bboff\u00a0\u00bb button_one_border_width__hover_enabled=\u00a0\u00bboff\u00a0\u00bb button_two_border_width__hover_enabled=\u00a0\u00bboff\u00a0\u00bb button_one_border_color__hover_enabled=\u00a0\u00bboff\u00a0\u00bb button_two_border_color__hover_enabled=\u00a0\u00bboff\u00a0\u00bb button_one_border_radius__hover_enabled=\u00a0\u00bboff\u00a0\u00bb button_two_border_radius__hover_enabled=\u00a0\u00bboff\u00a0\u00bb button_one_letter_spacing__hover_enabled=\u00a0\u00bboff\u00a0\u00bb button_two_letter_spacing__hover_enabled=\u00a0\u00bboff\u00a0\u00bb button_one_bg_color__hover_enabled=\u00a0\u00bboff\u00a0\u00bb button_two_bg_color__hover_enabled=\u00a0\u00bboff\u00a0\u00bb button_text__hover_enabled=\u00a0\u00bboff|desktop\u00a0\u00bb][\/et_pb_button][\/et_pb_column][\/et_pb_row][\/et_pb_section]<\/p>","protected":false},"excerpt":{"rendered":"<p>Support et solutions informatiques efficacesBienvenue chez Sy-Tech s\u00e0rl. Votre partenaire fiable, qui vous assiste dans l\u2019installation et le support informatique de vos produits et solutions.nos services &nbsp; Chez Sy-Tech S\u00e0rl, nos comp\u00e9tences et notre expertise sp\u00e9cifique nous permettent de vous offrir une palette de services informatiques de haute qualit\u00e9, sp\u00e9cialis\u00e9s dans le support et l\u2019installation [&hellip;]<\/p>","protected":false},"author":1,"featured_media":0,"parent":0,"menu_order":0,"comment_status":"closed","ping_status":"closed","template":"","meta":{"_et_pb_use_builder":"on","_et_pb_old_content":"<!-- wp:divi\/placeholder \/-->","_et_gb_content_width":"","footnotes":""},"class_list":["post-28843","page","type-page","status-publish","hentry"],"_links":{"self":[{"href":"https:\/\/sy-tech.ch\/de\/wp-json\/wp\/v2\/pages\/28843","targetHints":{"allow":["GET"]}}],"collection":[{"href":"https:\/\/sy-tech.ch\/de\/wp-json\/wp\/v2\/pages"}],"about":[{"href":"https:\/\/sy-tech.ch\/de\/wp-json\/wp\/v2\/types\/page"}],"author":[{"embeddable":true,"href":"https:\/\/sy-tech.ch\/de\/wp-json\/wp\/v2\/users\/1"}],"replies":[{"embeddable":true,"href":"https:\/\/sy-tech.ch\/de\/wp-json\/wp\/v2\/comments?post=28843"}],"version-history":[{"count":82,"href":"https:\/\/sy-tech.ch\/de\/wp-json\/wp\/v2\/pages\/28843\/revisions"}],"predecessor-version":[{"id":29359,"href":"https:\/\/sy-tech.ch\/de\/wp-json\/wp\/v2\/pages\/28843\/revisions\/29359"}],"wp:attachment":[{"href":"https:\/\/sy-tech.ch\/de\/wp-json\/wp\/v2\/media?parent=28843"}],"curies":[{"name":"wp","href":"https:\/\/api.w.org\/{rel}","templated":true}]}}